{"id":1462,"date":"2025-09-07T15:08:19","date_gmt":"2025-09-07T15:08:19","guid":{"rendered":"https:\/\/comunatudora.ro\/web2\/?page_id=1462"},"modified":"2025-09-07T15:40:17","modified_gmt":"2025-09-07T15:40:17","slug":"acasa","status":"publish","type":"page","link":"https:\/\/comunatudora.ro\/web2\/","title":{"rendered":"Acas\u0103"},"content":{"rendered":"\t\t<div data-elementor-type=\"wp-page\" data-elementor-id=\"1462\" class=\"elementor elementor-1462\" data-elementor-post-type=\"page\">\n\t\t\t\t<div class=\"elementor-element elementor-element-525667d e-flex e-con-boxed e-con e-parent\" data-id=\"525667d\" data-element_type=\"container\">\n\t\t\t\t\t<div class=\"e-con-inner\">\n\t\t\t\t<div class=\"elementor-element elementor-element-ded03a2 elementor--h-position-center elementor--v-position-middle elementor-arrows-position-inside elementor-pagination-position-inside elementor-widget elementor-widget-slides\" data-id=\"ded03a2\" data-element_type=\"widget\" data-settings=\"{&quot;navigation&quot;:&quot;both&quot;,&quot;autoplay&quot;:&quot;yes&quot;,&quot;pause_on_hover&quot;:&quot;yes&quot;,&quot;pause_on_interaction&quot;:&quot;yes&quot;,&quot;autoplay_speed&quot;:5000,&quot;infinite&quot;:&quot;yes&quot;,&quot;transition&quot;:&quot;slide&quot;,&quot;transition_speed&quot;:500}\" data-widget_type=\"slides.default\">\n\t\t\t\t<div class=\"elementor-widget-container\">\n\t\t\t\t\t\t\t\t\t<div class=\"elementor-swiper\">\n\t\t\t\t\t<div class=\"elementor-slides-wrapper elementor-main-swiper swiper\" role=\"region\" aria-roledescription=\"carousel\" aria-label=\"Slides\" dir=\"ltr\" data-animation=\"fadeInUp\">\n\t\t\t\t<div class=\"swiper-wrapper elementor-slides\">\n\t\t\t\t\t\t\t\t\t\t<div class=\"elementor-repeater-item-bc44c15 swiper-slide\" role=\"group\" aria-roledescription=\"slide\"><div class=\"swiper-slide-bg\" role=\"img\"><\/div><div class=\"swiper-slide-inner\" ><div class=\"swiper-slide-contents\"><\/div><\/div><\/div>\t\t\t\t<\/div>\n\t\t\t\t\t\t\t<\/div>\n\t\t\t\t<\/div>\n\t\t\t\t\t\t\t\t<\/div>\n\t\t\t\t<\/div>\n\t\t\t\t\t<\/div>\n\t\t\t\t<\/div>\n\t\t<div class=\"elementor-element elementor-element-d54c8fb e-flex e-con-boxed e-con e-parent\" data-id=\"d54c8fb\" data-element_type=\"container\">\n\t\t\t\t\t<div class=\"e-con-inner\">\n\t\t\t\t<div class=\"elementor-element elementor-element-3e160f3 elementor-widget elementor-widget-text-editor\" data-id=\"3e160f3\" data-element_type=\"widget\" data-widget_type=\"text-editor.default\">\n\t\t\t\t<div class=\"elementor-widget-container\">\n\t\t\t\t\t\t\t\t\t<p><img fetchpriority=\"high\" decoding=\"async\" class=\" wp-image-2182 alignleft\" src=\"https:\/\/comunatudora.ro\/wp-content\/uploads\/2020\/12\/Tudora-768x538-1-300x210.jpg\" sizes=\"(max-width: 380px) 100vw, 380px\" srcset=\"https:\/\/comunatudora.ro\/wp-content\/uploads\/2020\/12\/Tudora-768x538-1-300x210.jpg 300w, https:\/\/comunatudora.ro\/wp-content\/uploads\/2020\/12\/Tudora-768x538-1.jpg 768w\" alt=\"\" width=\"380\" height=\"266\" \/><\/p><p>Afundat\u0103 \u00eentre dealurile \u00eemp\u0103durite ale Masivului Dealul Mare H\u00e2rl\u0103u cu deschidere spre Vest \u015fi Sud Vest, satul Tudora \u00eentret\u0103iat de p\u00e2raie cu albii ad\u00e2nci ale c\u0103ror v\u00e2rtejuri rostogolesc din bel\u015fug bolovanii \u015fi copacii b\u0103tr\u00e2nului codru, \u00ee\u015fi r\u0103sfir\u0103 casele de-a lungul acestor p\u00e2raie \u00een g\u0103vanele \u015fi pe coastele dealurilor care ad\u0103postesc satul de furia v\u00e2nturilor \u015fi furtunilor.<\/p><p>Departe de centrele or\u0103\u015fene\u015fti, satul Tudora\u00a0 situat la r\u0103scrucea Drumului Siretului pe care negustorii\u00a0 vremurilor \u00ee\u015fi duceau m\u0103rfurile din \u0163inuturile joase ale Dun\u0103rii spre cele nordice ale Kievului \u015fi mai departe p\u00e2n\u0103 la L\u2019vov cu Drumul H\u00e2rl\u0103ului pe care marele domnitor \u015etefan cel Mare, \u015fi mai apoi urma\u015fii acestuia, \u00een drum de la cetatea de scaun \u2013 Suceava spre podgoria\u00a0 domneasc\u0103 de la Cotnari treceau pe la doamna Tudora care-\u015fi avea curtea \u00een aceste locuri.<\/p>\t\t\t\t\t\t\t\t<\/div>\n\t\t\t\t<\/div>\n\t\t\t\t\t<\/div>\n\t\t\t\t<\/div>\n\t\t<div class=\"elementor-element elementor-element-a00b812 e-flex e-con-boxed e-con e-parent\" data-id=\"a00b812\" data-element_type=\"container\">\n\t\t\t\t\t<div class=\"e-con-inner\">\n\t\t\t\t<div class=\"elementor-element elementor-element-ac0ab75 elementor-widget elementor-widget-heading\" data-id=\"ac0ab75\" data-element_type=\"widget\" data-widget_type=\"heading.default\">\n\t\t\t\t<div class=\"elementor-widget-container\">\n\t\t\t\t\t<h2 class=\"elementor-heading-title elementor-size-default\">Informa\u021bii de interes public<\/h2>\t\t\t\t<\/div>\n\t\t\t\t<\/div>\n\t\t\t\t\t<\/div>\n\t\t\t\t<\/div>\n\t\t<div class=\"elementor-element elementor-element-221d30c e-flex e-con-boxed e-con e-parent\" data-id=\"221d30c\" data-element_type=\"container\">\n\t\t\t\t\t<div class=\"e-con-inner\">\n\t\t\t\t\t<\/div>\n\t\t\t\t<\/div>\n\t\t\t\t<\/div>\n\t\t","protected":false},"excerpt":{"rendered":"<p>Afundat\u0103 \u00eentre dealurile \u00eemp\u0103durite ale Masivului Dealul Mare H\u00e2rl\u0103u cu deschidere spre Vest \u015fi Sud Vest, satul Tudora \u00eentret\u0103iat de [&hellip;]<\/p>\n","protected":false},"author":1,"featured_media":0,"parent":0,"menu_order":0,"comment_status":"closed","ping_status":"closed","template":"","meta":{"site-sidebar-layout":"no-sidebar","site-content-layout":"","ast-site-content-layout":"full-width-container","site-content-style":"default","site-sidebar-style":"default","ast-global-header-display":"","ast-banner-title-visibility":"","ast-main-header-display":"","ast-hfb-above-header-display":"","ast-hfb-below-header-display":"","ast-hfb-mobile-header-display":"","site-post-title":"disabled","ast-breadcrumbs-content":"disabled","ast-featured-img":"disabled","footer-sml-layout":"","theme-transparent-header-meta":"default","adv-header-id-meta":"","stick-header-meta":"","header-above-stick-meta":"","header-main-stick-meta":"","header-below-stick-meta":"","astra-migrate-meta-layouts":"set","ast-page-background-enabled":"default","ast-page-background-meta":{"desktop":{"background-color":"var(--ast-global-color-5)","background-image":"","background-repeat":"repeat","background-position":"center center","background-size":"auto","background-attachment":"scroll","background-type":"","background-media":"","overlay-type":"","overlay-color":"","overlay-opacity":"","overlay-gradient":""},"tablet":{"background-color":"","background-image":"","background-repeat":"repeat","background-position":"center center","background-size":"auto","background-attachment":"scroll","background-type":"","background-media":"","overlay-type":"","overlay-color":"","overlay-opacity":"","overlay-gradient":""},"mobile":{"background-color":"","background-image":"","background-repeat":"repeat","background-position":"center center","background-size":"auto","background-attachment":"scroll","background-type":"","background-media":"","overlay-type":"","overlay-color":"","overlay-opacity":"","overlay-gradient":""}},"ast-content-background-meta":{"desktop":{"background-color":"var(--ast-global-color-4)","background-image":"","background-repeat":"repeat","background-position":"center center","background-size":"auto","background-attachment":"scroll","background-type":"","background-media":"","overlay-type":"","overlay-color":"","overlay-opacity":"","overlay-gradient":""},"tablet":{"background-color":"var(--ast-global-color-4)","background-image":"","background-repeat":"repeat","background-position":"center center","background-size":"auto","background-attachment":"scroll","background-type":"","background-media":"","overlay-type":"","overlay-color":"","overlay-opacity":"","overlay-gradient":""},"mobile":{"background-color":"var(--ast-global-color-4)","background-image":"","background-repeat":"repeat","background-position":"center center","background-size":"auto","background-attachment":"scroll","background-type":"","background-media":"","overlay-type":"","overlay-color":"","overlay-opacity":"","overlay-gradient":""}},"footnotes":""},"class_list":["post-1462","page","type-page","status-publish","hentry"],"_links":{"self":[{"href":"https:\/\/comunatudora.ro\/web2\/index.php?rest_route=\/wp\/v2\/pages\/1462","targetHints":{"allow":["GET"]}}],"collection":[{"href":"https:\/\/comunatudora.ro\/web2\/index.php?rest_route=\/wp\/v2\/pages"}],"about":[{"href":"https:\/\/comunatudora.ro\/web2\/index.php?rest_route=\/wp\/v2\/types\/page"}],"author":[{"embeddable":true,"href":"https:\/\/comunatudora.ro\/web2\/index.php?rest_route=\/wp\/v2\/users\/1"}],"replies":[{"embeddable":true,"href":"https:\/\/comunatudora.ro\/web2\/index.php?rest_route=%2Fwp%2Fv2%2Fcomments&post=1462"}],"version-history":[{"count":17,"href":"https:\/\/comunatudora.ro\/web2\/index.php?rest_route=\/wp\/v2\/pages\/1462\/revisions"}],"predecessor-version":[{"id":1481,"href":"https:\/\/comunatudora.ro\/web2\/index.php?rest_route=\/wp\/v2\/pages\/1462\/revisions\/1481"}],"wp:attachment":[{"href":"https:\/\/comunatudora.ro\/web2\/index.php?rest_route=%2Fwp%2Fv2%2Fmedia&parent=1462"}],"curies":[{"name":"wp","href":"https:\/\/api.w.org\/{rel}","templated":true}]}}